{"id":1308,"date":"2025-09-21T04:57:22","date_gmt":"2025-09-21T04:57:22","guid":{"rendered":"https:\/\/elmonitor.com.ar\/lab\/?page_id=1308"},"modified":"2025-09-21T04:57:22","modified_gmt":"2025-09-21T04:57:22","slug":"politicas-de-cookies","status":"publish","type":"page","link":"https:\/\/elmonitor.com.ar\/lab\/politicas-de-cookies\/","title":{"rendered":"Pol\u00edticas de Cookies"},"content":{"rendered":"\n<h2 class=\"wp-block-heading\">\u00bfQu\u00e9 son las Cookies?<\/h2>\n\n\n\n<p>Las cookies son peque\u00f1os archivos que se instalan en tu dispositivo con el fin de mejorar tu experiencia al navegar por nuestro sitio web.<\/p>\n\n\n\n<h2 class=\"wp-block-heading\">\u00bfC\u00f3mo utilizamos las Cookies?<\/h2>\n\n\n\n<p>En <strong>El Monitor LABS<\/strong> empleamos cookies para analizar el comportamiento de los usuarios en nuestra p\u00e1gina, comprender mejor sus necesidades y optimizar la experiencia de navegaci\u00f3n. Esto nos permite ofrecer un servicio m\u00e1s \u00e1gil, personalizado y eficiente.<\/p>\n\n\n\n<h2 class=\"wp-block-heading\">\u00bfC\u00f3mo deshabilitar las Cookies?<\/h2>\n\n\n\n<p>Pod\u00e9s desactivar el uso de cookies en cualquier momento desde la configuraci\u00f3n de tu navegador. Si necesit\u00e1s m\u00e1s informaci\u00f3n sobre c\u00f3mo hacerlo, te recomendamos consultar la documentaci\u00f3n de ayuda de cada navegador o buscar gu\u00edas actualizadas en internet sobre el control de cookies.<\/p>\n\n\n\n<h2 class=\"wp-block-heading\">\u00bfQu\u00e9 Cookies utilizamos?<\/h2>\n\n\n\n<p>Actualmente utilizamos cookies de <strong>Google Analytics<\/strong>, las cuales nos ayudan a obtener informaci\u00f3n estad\u00edstica sobre el uso del sitio y a mejorar su funcionamiento. Estas cookies no recogen informaci\u00f3n personal identificable.<\/p>\n","protected":false},"excerpt":{"rendered":"<p>\u00bfQu\u00e9 son las Cookies? Las cookies son peque\u00f1os archivos que se instalan en tu dispositivo con el fin de mejorar tu experiencia al navegar por nuestro sitio web. \u00bfC\u00f3mo utilizamos las Cookies? En El Monitor LABS empleamos cookies para analizar el comportamiento de los usuarios en nuestra p\u00e1gina, comprender mejor sus necesidades y optimizar la [&hellip;]<\/p>\n","protected":false},"author":2,"featured_media":0,"parent":0,"menu_order":0,"comment_status":"closed","ping_status":"closed","template":"","meta":{"_vp_format_video_url":"","_vp_image_focal_point":[],"footnotes":""},"class_list":["post-1308","page","type-page","status-publish","hentry"],"_links":{"self":[{"href":"https:\/\/elmonitor.com.ar\/lab\/wp-json\/wp\/v2\/pages\/1308","targetHints":{"allow":["GET"]}}],"collection":[{"href":"https:\/\/elmonitor.com.ar\/lab\/wp-json\/wp\/v2\/pages"}],"about":[{"href":"https:\/\/elmonitor.com.ar\/lab\/wp-json\/wp\/v2\/types\/page"}],"author":[{"embeddable":true,"href":"https:\/\/elmonitor.com.ar\/lab\/wp-json\/wp\/v2\/users\/2"}],"replies":[{"embeddable":true,"href":"https:\/\/elmonitor.com.ar\/lab\/wp-json\/wp\/v2\/comments?post=1308"}],"version-history":[{"count":1,"href":"https:\/\/elmonitor.com.ar\/lab\/wp-json\/wp\/v2\/pages\/1308\/revisions"}],"predecessor-version":[{"id":1309,"href":"https:\/\/elmonitor.com.ar\/lab\/wp-json\/wp\/v2\/pages\/1308\/revisions\/1309"}],"wp:attachment":[{"href":"https:\/\/elmonitor.com.ar\/lab\/wp-json\/wp\/v2\/media?parent=1308"}],"curies":[{"name":"wp","href":"https:\/\/api.w.org\/{rel}","templated":true}]}}