{"id":1322,"date":"2025-09-21T05:41:10","date_gmt":"2025-09-21T05:41:10","guid":{"rendered":"https:\/\/elmonitor.com.ar\/lab\/?page_id=1322"},"modified":"2025-09-21T05:57:01","modified_gmt":"2025-09-21T05:57:01","slug":"planes-todo-incluido-2","status":"publish","type":"page","link":"https:\/\/elmonitor.com.ar\/lab\/planes-todo-incluido-2\/","title":{"rendered":"Planes Todo Incluido"},"content":{"rendered":"\t\t<div data-elementor-type=\"wp-page\" data-elementor-id=\"1322\" class=\"elementor elementor-1322\" data-elementor-post-type=\"page\">\n\t\t\t\t<div class=\"elementor-element elementor-element-6789eab e-flex e-con-boxed e-con e-parent\" data-id=\"6789eab\" data-element_type=\"container\">\n\t\t\t\t\t<div class=\"e-con-inner\">\n\t\t\t\t<div class=\"elementor-element elementor-element-42276d6 elementor-widget elementor-widget-text-editor\" data-id=\"42276d6\" data-element_type=\"widget\" data-settings=\"{&quot;wdt_animation_effect&quot;:&quot;none&quot;}\" data-widget_type=\"text-editor.default\">\n\t\t\t\t\t\t\t\t\t<h2 data-start=\"113\" data-end=\"152\">Soluci\u00f3n Integral para su Proyecto<\/h2><p data-start=\"154\" data-end=\"419\">En <strong data-start=\"157\" data-end=\"176\">El Monitor LABS<\/strong> ofrecemos una soluci\u00f3n integral para que no tenga que preocuparse por nada. Nos ocupamos de cada detalle: el registro o renovaci\u00f3n de su dominio, la gesti\u00f3n del hosting, la actualizaci\u00f3n de su p\u00e1gina web y la realizaci\u00f3n de backups seguros.<\/p><p data-start=\"421\" data-end=\"663\">Nuestro servicio combina <strong data-start=\"446\" data-end=\"506\">Dise\u00f1o del Sitio Web + Hosting + Dominio + Mantenimiento<\/strong>, garantizando que su proyecto est\u00e9 siempre en l\u00ednea, optimizado y protegido. Usted se concentra en su negocio, y nosotros nos encargamos de la tecnolog\u00eda.<\/p>\t\t\t\t\t\t\t\t<\/div>\n\t\t\t\t\t<\/div>\n\t\t\t\t<\/div>\n\t\t<div class=\"elementor-element elementor-element-8018494 e-grid e-con-boxed e-con e-parent\" data-id=\"8018494\" data-element_type=\"container\">\n\t\t\t\t\t<div class=\"e-con-inner\">\n\t\t\t\t<div class=\"elementor-element elementor-element-4703e82 elementor-view-default elementor-position-top elementor-mobile-position-top elementor-widget elementor-widget-icon-box\" data-id=\"4703e82\" data-element_type=\"widget\" data-settings=\"{&quot;wdt_animation_effect&quot;:&quot;none&quot;}\" data-widget_type=\"icon-box.default\">\n\t\t\t\t\t\t\t<div class=\"elementor-icon-box-wrapper\">\n\n\t\t\t\t\t\t<div class=\"elementor-icon-box-icon\">\n\t\t\t\t<span  class=\"elementor-icon\">\n\t\t\t\t<svg aria-hidden=\"true\" class=\"e-font-icon-svg e-far-lightbulb\" viewBox=\"0 0 352 512\" xmlns=\"http:\/\/www.w3.org\/2000\/svg\"><path d=\"M176 80c-52.94 0-96 43.06-96 96 0 8.84 7.16 16 16 16s16-7.16 16-16c0-35.3 28.72-64 64-64 8.84 0 16-7.16 16-16s-7.16-16-16-16zM96.06 459.17c0 3.15.93 6.22 2.68 8.84l24.51 36.84c2.97 4.46 7.97 7.14 13.32 7.14h78.85c5.36 0 10.36-2.68 13.32-7.14l24.51-36.84c1.74-2.62 2.67-5.7 2.68-8.84l.05-43.18H96.02l.04 43.18zM176 0C73.72 0 0 82.97 0 176c0 44.37 16.45 84.85 43.56 115.78 16.64 18.99 42.74 58.8 52.42 92.16v.06h48v-.12c-.01-4.77-.72-9.51-2.15-14.07-5.59-17.81-22.82-64.77-62.17-109.67-20.54-23.43-31.52-53.15-31.61-84.14-.2-73.64 59.67-128 127.95-128 70.58 0 128 57.42 128 128 0 30.97-11.24 60.85-31.65 84.14-39.11 44.61-56.42 91.47-62.1 109.46a47.507 47.507 0 0 0-2.22 14.3v.1h48v-.05c9.68-33.37 35.78-73.18 52.42-92.16C335.55 260.85 352 220.37 352 176 352 78.8 273.2 0 176 0z\"><\/path><\/svg>\t\t\t\t<\/span>\n\t\t\t<\/div>\n\t\t\t\n\t\t\t\t\t\t<div class=\"elementor-icon-box-content\">\n\n\t\t\t\t\t\t\t\t\t<h3 class=\"elementor-icon-box-title\">\n\t\t\t\t\t\t<span  >\n\t\t\t\t\t\t\tDise\u00f1o\t\t\t\t\t\t<\/span>\n\t\t\t\t\t<\/h3>\n\t\t\t\t\n\t\t\t\t\t\t\t\t\t<p class=\"elementor-icon-box-description\">\n\t\t\t\t\t\tCreamos el dise\u00f1o que mas se adapte a tu necesidad\t\t\t\t\t<\/p>\n\t\t\t\t\n\t\t\t<\/div>\n\t\t\t\n\t\t<\/div>\n\t\t\t\t\t\t<\/div>\n\t\t\t\t<div class=\"elementor-element elementor-element-a2952ac elementor-view-default elementor-position-top elementor-mobile-position-top elementor-widget elementor-widget-icon-box\" data-id=\"a2952ac\" data-element_type=\"widget\" data-settings=\"{&quot;wdt_animation_effect&quot;:&quot;none&quot;}\" data-widget_type=\"icon-box.default\">\n\t\t\t\t\t\t\t<div class=\"elementor-icon-box-wrapper\">\n\n\t\t\t\t\t\t<div class=\"elementor-icon-box-icon\">\n\t\t\t\t<span  class=\"elementor-icon\">\n\t\t\t\t<svg aria-hidden=\"true\" class=\"e-font-icon-svg e-fas-globe-asia\" viewBox=\"0 0 496 512\" xmlns=\"http:\/\/www.w3.org\/2000\/svg\"><path d=\"M248 8C111.03 8 0 119.03 0 256s111.03 248 248 248 248-111.03 248-248S384.97 8 248 8zm-11.34 240.23c-2.89 4.82-8.1 7.77-13.72 7.77h-.31c-4.24 0-8.31 1.69-11.31 4.69l-5.66 5.66c-3.12 3.12-3.12 8.19 0 11.31l5.66 5.66c3 3 4.69 7.07 4.69 11.31V304c0 8.84-7.16 16-16 16h-6.11c-6.06 0-11.6-3.42-14.31-8.85l-22.62-45.23c-2.44-4.88-8.95-5.94-12.81-2.08l-19.47 19.46c-3 3-7.07 4.69-11.31 4.69H50.81C49.12 277.55 48 266.92 48 256c0-110.28 89.72-200 200-200 21.51 0 42.2 3.51 61.63 9.82l-50.16 38.53c-5.11 3.41-4.63 11.06.86 13.81l10.83 5.41c5.42 2.71 8.84 8.25 8.84 14.31V216c0 4.42-3.58 8-8 8h-3.06c-3.03 0-5.8-1.71-7.15-4.42-1.56-3.12-5.96-3.29-7.76-.3l-17.37 28.95zM408 358.43c0 4.24-1.69 8.31-4.69 11.31l-9.57 9.57c-3 3-7.07 4.69-11.31 4.69h-15.16c-4.24 0-8.31-1.69-11.31-4.69l-13.01-13.01a26.767 26.767 0 0 0-25.42-7.04l-21.27 5.32c-1.27.32-2.57.48-3.88.48h-10.34c-4.24 0-8.31-1.69-11.31-4.69l-11.91-11.91a8.008 8.008 0 0 1-2.34-5.66v-10.2c0-3.27 1.99-6.21 5.03-7.43l39.34-15.74c1.98-.79 3.86-1.82 5.59-3.05l23.71-16.89a7.978 7.978 0 0 1 4.64-1.48h12.09c3.23 0 6.15 1.94 7.39 4.93l5.35 12.85a4 4 0 0 0 3.69 2.46h3.8c1.78 0 3.35-1.18 3.84-2.88l4.2-14.47c.5-1.71 2.06-2.88 3.84-2.88h6.06c2.21 0 4 1.79 4 4v12.93c0 2.12.84 4.16 2.34 5.66l11.91 11.91c3 3 4.69 7.07 4.69 11.31v24.6z\"><\/path><\/svg>\t\t\t\t<\/span>\n\t\t\t<\/div>\n\t\t\t\n\t\t\t\t\t\t<div class=\"elementor-icon-box-content\">\n\n\t\t\t\t\t\t\t\t\t<h3 class=\"elementor-icon-box-title\">\n\t\t\t\t\t\t<span  >\n\t\t\t\t\t\t\tDominio\t\t\t\t\t\t<\/span>\n\t\t\t\t\t<\/h3>\n\t\t\t\t\n\t\t\t\t\t\t\t\t\t<p class=\"elementor-icon-box-description\">\n\t\t\t\t\t\tle damos la indentidad a tu sitio con el nombre que lo conoceran en la web\t\t\t\t\t<\/p>\n\t\t\t\t\n\t\t\t<\/div>\n\t\t\t\n\t\t<\/div>\n\t\t\t\t\t\t<\/div>\n\t\t\t\t<div class=\"elementor-element elementor-element-75a1d49 elementor-view-default elementor-position-top elementor-mobile-position-top elementor-widget elementor-widget-icon-box\" data-id=\"75a1d49\" data-element_type=\"widget\" data-settings=\"{&quot;wdt_animation_effect&quot;:&quot;none&quot;}\" data-widget_type=\"icon-box.default\">\n\t\t\t\t\t\t\t<div class=\"elementor-icon-box-wrapper\">\n\n\t\t\t\t\t\t<div class=\"elementor-icon-box-icon\">\n\t\t\t\t<span  class=\"elementor-icon\">\n\t\t\t\t<svg aria-hidden=\"true\" class=\"e-font-icon-svg e-far-hdd\" viewBox=\"0 0 576 512\" xmlns=\"http:\/\/www.w3.org\/2000\/svg\"><path d=\"M567.403 235.642L462.323 84.589A48 48 0 0 0 422.919 64H153.081a48 48 0 0 0-39.404 20.589L8.597 235.642A48.001 48.001 0 0 0 0 263.054V400c0 26.51 21.49 48 48 48h480c26.51 0 48-21.49 48-48V263.054c0-9.801-3-19.366-8.597-27.412zM153.081 112h269.838l77.913 112H75.168l77.913-112zM528 400H48V272h480v128zm-32-64c0 17.673-14.327 32-32 32s-32-14.327-32-32 14.327-32 32-32 32 14.327 32 32zm-96 0c0 17.673-14.327 32-32 32s-32-14.327-32-32 14.327-32 32-32 32 14.327 32 32z\"><\/path><\/svg>\t\t\t\t<\/span>\n\t\t\t<\/div>\n\t\t\t\n\t\t\t\t\t\t<div class=\"elementor-icon-box-content\">\n\n\t\t\t\t\t\t\t\t\t<h3 class=\"elementor-icon-box-title\">\n\t\t\t\t\t\t<span  >\n\t\t\t\t\t\t\tHost \t\t\t\t\t\t<\/span>\n\t\t\t\t\t<\/h3>\n\t\t\t\t\n\t\t\t\t\t\t\t\t\t<p class=\"elementor-icon-box-description\">\n\t\t\t\t\t\tDamos de alta y creamos el host de manera que la web este optimizada.\t\t\t\t\t<\/p>\n\t\t\t\t\n\t\t\t<\/div>\n\t\t\t\n\t\t<\/div>\n\t\t\t\t\t\t<\/div>\n\t\t\t\t\t<\/div>\n\t\t\t\t<\/div>\n\t\t<div class=\"elementor-element elementor-element-366e7df e-flex e-con-boxed e-con e-parent\" data-id=\"366e7df\" data-element_type=\"container\">\n\t\t\t\t\t<div class=\"e-con-inner\">\n\t\t\t\t<div class=\"elementor-element elementor-element-efae9dd elementor-position-top elementor-widget elementor-widget-image-box\" data-id=\"efae9dd\" data-element_type=\"widget\" data-settings=\"{&quot;wdt_animation_effect&quot;:&quot;none&quot;}\" data-widget_type=\"image-box.default\">\n\t\t\t\t\t<div class=\"elementor-image-box-wrapper\"><figure class=\"elementor-image-box-img\"><img fetchpriority=\"high\" decoding=\"async\" width=\"1024\" height=\"1024\" src=\"https:\/\/elmonitor.com.ar\/lab\/wp-content\/uploads\/2023\/09\/hardware-externo-1.jpg\" class=\"attachment-full size-full wp-image-1278\" alt=\"\" srcset=\"https:\/\/elmonitor.com.ar\/lab\/wp-content\/uploads\/2023\/09\/hardware-externo-1.jpg 1024w, https:\/\/elmonitor.com.ar\/lab\/wp-content\/uploads\/2023\/09\/hardware-externo-1-300x300.jpg 300w, https:\/\/elmonitor.com.ar\/lab\/wp-content\/uploads\/2023\/09\/hardware-externo-1-150x150.jpg 150w, https:\/\/elmonitor.com.ar\/lab\/wp-content\/uploads\/2023\/09\/hardware-externo-1-768x768.jpg 768w, https:\/\/elmonitor.com.ar\/lab\/wp-content\/uploads\/2023\/09\/hardware-externo-1-500x500.jpg 500w, https:\/\/elmonitor.com.ar\/lab\/wp-content\/uploads\/2023\/09\/hardware-externo-1-800x800.jpg 800w\" sizes=\"(max-width: 1024px) 100vw, 1024px\" \/><\/figure><div class=\"elementor-image-box-content\"><h3 class=\"elementor-image-box-title\">Dise\u00f1o Web Todo Incluido<\/h3><\/div><\/div>\t\t\t\t<\/div>\n\t\t\t\t\t<\/div>\n\t\t\t\t<\/div>\n\t\t<div class=\"elementor-element elementor-element-0e2ef22 e-flex e-con-boxed e-con e-parent\" data-id=\"0e2ef22\" data-element_type=\"container\">\n\t\t\t\t\t<div class=\"e-con-inner\">\n\t\t\t\t<div class=\"elementor-element elementor-element-800c743 elementor-widget elementor-widget-text-editor\" data-id=\"800c743\" data-element_type=\"widget\" data-settings=\"{&quot;wdt_animation_effect&quot;:&quot;none&quot;}\" data-widget_type=\"text-editor.default\">\n\t\t\t\t\t\t\t\t\t<p><br \/>En <strong>El Monitor LABS<\/strong> desarrollamos sitios web completos con todo lo necesario para que su proyecto est\u00e9 siempre en l\u00ednea y funcionando sin complicaciones.<\/p><p><strong>Dise\u00f1o web bonificado:<\/strong> mientras mantenga activo el servicio, el dise\u00f1o de su p\u00e1gina no tendr\u00e1 costo adicional.<\/p><p><strong>Hosting incluido:<\/strong> no deber\u00e1 pagar cargos extra por el alojamiento de su sitio; adem\u00e1s, nos encargamos de todas las configuraciones t\u00e9cnicas del servidor.<\/p><p><strong>Dominio:<\/strong> gestionamos el registro y las renovaciones de su dominio para que no tenga que preocuparse por vencimientos.<\/p><p><strong>Mantenimiento web:<\/strong> realizamos un backup mensual de archivos y base de datos, actualizamos plugins, plantillas y el sistema WordPress para mantener su sitio seguro y optimizado.<\/p><p><strong>SEO:<\/strong> trabajamos en el posicionamiento de su p\u00e1gina para que tenga mayor visibilidad en Google.<\/p><p><strong>Modificaciones de contenido:<\/strong> actualizamos textos, datos de contacto, informaci\u00f3n de la empresa y otros cambios que necesite.<\/p><p>Con nuestro plan todo incluido, usted obtiene una soluci\u00f3n completa: dise\u00f1o, hosting, dominio, mantenimiento y posicionamiento en un solo servicio.<\/p>\t\t\t\t\t\t\t\t<\/div>\n\t\t\t\t\t<\/div>\n\t\t\t\t<\/div>\n\t\t\t\t<\/div>\n\t\t","protected":false},"excerpt":{"rendered":"<p>Soluci\u00f3n Integral para su Proyecto En El Monitor LABS ofrecemos una soluci\u00f3n integral para que no tenga que preocuparse por nada. Nos ocupamos de cada detalle: el registro o renovaci\u00f3n de su dominio, la gesti\u00f3n del hosting, la actualizaci\u00f3n de su p\u00e1gina web y la realizaci\u00f3n de backups seguros. Nuestro servicio combina Dise\u00f1o del Sitio [&hellip;]<\/p>\n","protected":false},"author":2,"featured_media":0,"parent":0,"menu_order":0,"comment_status":"closed","ping_status":"closed","template":"","meta":{"_vp_format_video_url":"","_vp_image_focal_point":[],"footnotes":""},"class_list":["post-1322","page","type-page","status-publish","hentry"],"_links":{"self":[{"href":"https:\/\/elmonitor.com.ar\/lab\/wp-json\/wp\/v2\/pages\/1322","targetHints":{"allow":["GET"]}}],"collection":[{"href":"https:\/\/elmonitor.com.ar\/lab\/wp-json\/wp\/v2\/pages"}],"about":[{"href":"https:\/\/elmonitor.com.ar\/lab\/wp-json\/wp\/v2\/types\/page"}],"author":[{"embeddable":true,"href":"https:\/\/elmonitor.com.ar\/lab\/wp-json\/wp\/v2\/users\/2"}],"replies":[{"embeddable":true,"href":"https:\/\/elmonitor.com.ar\/lab\/wp-json\/wp\/v2\/comments?post=1322"}],"version-history":[{"count":7,"href":"https:\/\/elmonitor.com.ar\/lab\/wp-json\/wp\/v2\/pages\/1322\/revisions"}],"predecessor-version":[{"id":1330,"href":"https:\/\/elmonitor.com.ar\/lab\/wp-json\/wp\/v2\/pages\/1322\/revisions\/1330"}],"wp:attachment":[{"href":"https:\/\/elmonitor.com.ar\/lab\/wp-json\/wp\/v2\/media?parent=1322"}],"curies":[{"name":"wp","href":"https:\/\/api.w.org\/{rel}","templated":true}]}}